{"id":2,"date":"2026-03-12T13:30:50","date_gmt":"2026-03-12T13:30:50","guid":{"rendered":"http:\/\/seyyarsalincak.com\/?page_id=2"},"modified":"2026-03-12T13:34:32","modified_gmt":"2026-03-12T13:34:32","slug":"sample-page","status":"publish","type":"page","link":"https:\/\/seyyarsalincak.com\/","title":{"rendered":"Seyyar Sal\u0131ncak ve D\u00f6nme Dolap"},"content":{"rendered":"\n<p>Sayfam\u0131z Haz\u0131lan\u0131yor.<\/p>\n\n\n\n<blockquote class=\"wp-block-quote is-layout-flow wp-block-quote-is-layout-flow\">\n<figure class=\"wp-block-image size-full\"><img loading=\"lazy\" decoding=\"async\" width=\"1000\" height=\"668\" src=\"http:\/\/seyyarsalincak.com\/wp-content\/uploads\/2026\/03\/image.png\" alt=\"\" class=\"wp-image-8\" srcset=\"https:\/\/seyyarsalincak.com\/wp-content\/uploads\/2026\/03\/image.png 1000w, https:\/\/seyyarsalincak.com\/wp-content\/uploads\/2026\/03\/image-300x200.png 300w, https:\/\/seyyarsalincak.com\/wp-content\/uploads\/2026\/03\/image-768x513.png 768w\" sizes=\"auto, (max-width: 1000px) 100vw, 1000px\" \/><\/figure>\n<\/blockquote>\n\n\n\n<p>\u00c7E\u015e\u0130TLER\u0130M\u0130Z \u0130\u00c7\u0130N B\u0130Z\u0130 ARAYAB\u0130L\u0130RS\u0130N\u0130Z<\/p>\n\n\n\n<p>TELEFON : 0 (545) 337 1076<\/p>\n\n\n\n<blockquote class=\"wp-block-quote is-layout-flow wp-block-quote-is-layout-flow\">\n<p><\/p>\n<\/blockquote>\n\n\n\n<p><\/p>\n","protected":false},"excerpt":{"rendered":"<p>Sayfam\u0131z Haz\u0131lan\u0131yor. \u00c7E\u015e\u0130TLER\u0130M\u0130Z \u0130\u00c7\u0130N B\u0130Z\u0130 ARAYAB\u0130L\u0130RS\u0130N\u0130Z TELEFON : 0 (545) 337 1076<\/p>\n","protected":false},"author":1,"featured_media":0,"parent":0,"menu_order":0,"comment_status":"closed","ping_status":"open","template":"","meta":{"footnotes":""},"class_list":["post-2","page","type-page","status-publish","hentry"],"_links":{"self":[{"href":"https:\/\/seyyarsalincak.com\/index.php\/wp-json\/wp\/v2\/pages\/2","targetHints":{"allow":["GET"]}}],"collection":[{"href":"https:\/\/seyyarsalincak.com\/index.php\/wp-json\/wp\/v2\/pages"}],"about":[{"href":"https:\/\/seyyarsalincak.com\/index.php\/wp-json\/wp\/v2\/types\/page"}],"author":[{"embeddable":true,"href":"https:\/\/seyyarsalincak.com\/index.php\/wp-json\/wp\/v2\/users\/1"}],"replies":[{"embeddable":true,"href":"https:\/\/seyyarsalincak.com\/index.php\/wp-json\/wp\/v2\/comments?post=2"}],"version-history":[{"count":2,"href":"https:\/\/seyyarsalincak.com\/index.php\/wp-json\/wp\/v2\/pages\/2\/revisions"}],"predecessor-version":[{"id":9,"href":"https:\/\/seyyarsalincak.com\/index.php\/wp-json\/wp\/v2\/pages\/2\/revisions\/9"}],"wp:attachment":[{"href":"https:\/\/seyyarsalincak.com\/index.php\/wp-json\/wp\/v2\/media?parent=2"}],"curies":[{"name":"wp","href":"https:\/\/api.w.org\/{rel}","templated":true}]}}